{"id":2872,"date":"2020-07-02T06:33:02","date_gmt":"2020-07-02T06:33:02","guid":{"rendered":"https:\/\/steuerweg.webpen.work\/leistungen-2\/"},"modified":"2020-07-02T06:33:02","modified_gmt":"2020-07-02T06:33:02","slug":"leistungen","status":"publish","type":"page","link":"https:\/\/steuerweg.com\/en\/leistungen\/","title":{"rendered":"Leistungen"},"content":{"rendered":"<h2>Steuerberatung in Gelsenkirchen, Duisburg, Bochum, Dortmund und Unna<\/h2>\n<p>Die Steuerberatung ist unsere Kernkompetenz. Jedoch gehen unsere Leistungen weit \u00fcber den klassischen Bereich eines Steuerberaters hinaus. Wir beraten kleine und mittlere Unternehmen, Freiberufler und Selbstst\u00e4ndige jeglicher Branche aus dem gesamtem Ruhrgebiet und in allen Unternehmensphasen: von der Gr\u00fcndung \u00fcber die Expansion bis zur Nachfolgeregelung. Wir erstellen individuelle L\u00f6sungskonzepte, so dass Sie Ihre steuerlichen M\u00f6glichkeiten optimal aussch\u00f6pfen und die Steuerlast senken. Dar\u00fcber hinaus unterst\u00fctzen wir Sie bei der Erf\u00fcllung Ihrer steuerlichen Rechte und Pflichten.<\/p>\n<h2>Unsere Leistungen im \u00dcberblick:<\/h2>\n<p>SteuerberatungJahresabschlussErbschaft-\/ und SchenkungsteuerPrivate Steuererkl\u00e4rungenFinanzbuchhaltungLohnbuchhaltung<\/p>\n<p>Wir beraten Sie in allen steuerlichen Aspekten Ihrer unternehmerischen T\u00e4tigkeit, fachlich fundiert und mit viel Fingerspitzengef\u00fchl. Durch unsere langj\u00e4hrige Erfahrung, umfassendes steuerliches Know-how, die enge Zusammenarbeit innerhalb der ETL-Gruppe und unser Wissen um die individuellen Anforderungen jedes Mandanten sind Sie bei uns immer in den besten H\u00e4nden.<\/p>\n<p><b>Unsere Leistungen im Bereich der Steuerberatung:\u00a0<\/b><\/p>\n<ul>\n<li>Fr\u00fchzeitige Impulse zur Steuerersparnis<\/li>\n<li>Optimierung der Gesamtsteuerbelastungen<\/li>\n<li>Vertretung vor Finanzbeh\u00f6rden und Finanzgerichten<\/li>\n<li>Unterst\u00fctzung bei Betriebspr\u00fcfungen<\/li>\n<li>Beratung bei privaten Investitionen und Verm\u00f6gens\u00fcbertragungen<\/li>\n<\/ul>\n<p>Der Jahresabschluss geh\u00f6rt f\u00fcr viele Unternehmer zu den weniger geliebten Aufgaben. Mit uns haben Sie einen Partner, der sie kompetent und individuell unterst\u00fctzt, um die bestm\u00f6gliche L\u00f6sung herauszuholen. Wir setzen erstklassige Software zur Erstellung von Bilanzen und Steuererkl\u00e4rungen ein, um komplexe Sachverhalte einfach und sicher zu verarbeiten. Dabei stimmen wir unsere Handlungsabl\u00e4ufe exakt auf Ihre jeweilige Situation ab und kontrollieren die Ergebnisse mehrfach. Bei der Jahresabschlussbesprechung erhalten Sie schlie\u00dflich eine perfekt erstellte Bilanz und Steuererkl\u00e4rung ausgeh\u00e4ndigt, das auch optisch f\u00fcr einen \u00fcberzeugenden Auftritt bei Banken und Beh\u00f6rden sorgt.<\/p>\n<p><b>Unsere Leistungen im Bereich Jahresabschluss:<\/b><\/p>\n<ul>\n<li>Erstellung der Jahresabschl\u00fcsse nach Handels- und Steuerrecht<\/li>\n<li>Erstellung von Einnahmen-\u00dcberschussrechnungen<\/li>\n<li>Erstellung der Umsatzsteuererkl\u00e4rung<\/li>\n<li>Erstellung der Gewerbesteuererkl\u00e4rung<\/li>\n<li>Erstellung der K\u00f6rperschaftsteuererkl\u00e4rung<\/li>\n<li>Gewinnfeststellung<\/li>\n<li>Zwischenbilanzen, vorl\u00e4ufige Kreditbilanzen und Liquidationsbilanzen<\/li>\n<\/ul>\n<p>In Bezug auf die Erbschafts- und Schenkungsteuer gilt es vor allem f\u00fcr Betriebe und Unternehmen, Instrumente und Gestaltungsm\u00f6glichkeiten zu kennen und zu nutzen, wie Belastungen im Falle eines Erbes gemindert werden k\u00f6nnen. Sowohl im Vorfeld des Erbfalls, als auch danach stehen Ihnen Optionen wie eine lebzeitige Schenkung, ein steueroptimiertes Testament, die Geltendmachung von Pflichtanspr\u00fcchen oder die Ausschlagung der Erbschaft zur Verf\u00fcgung. Durch diese Optionen kann verhindert werden, dass die Belastung durch die Erbschaft dazu f\u00fchrt, dass \u00fcbertragene Immobilien ver\u00e4u\u00dfert oder Unternehmen nicht weitergef\u00fchrt werden k\u00f6nnen.<\/p>\n<p>In den meisten F\u00e4llen lohnt es sich f\u00fcr Arbeitnehmer eine Einkommensteuererkl\u00e4rung einzureichen, auch wenn keine Verpflichtung dazu besteht. Oft k\u00f6nnen Arbeitnehmer\/innen durch Werbungskosten, Pauschalbetr\u00e4ge und weitere Abzugsm\u00f6glichkeiten eine Steuerr\u00fcckerstattung erreichen. Viele Personen, deren Eink\u00fcnfte \u00fcber dem Grundfreibetrag liegen sind verpflichtet, eine Steuererkl\u00e4rung innerhalb der gesetzlich bestimmten Frist bei ihrem zust\u00e4ndigen Finanzamt einzureichen. Weiterhin m\u00fcssen Arbeitnehmer\/innen eine Einkommensteuererkl\u00e4rung einreichen, falls z.B. einer der folgenden Punkte auf Sie zutrifft:<\/p>\n<p>Erhalt von Arbeitslohn von mehreren Arbeitsgebern<br \/>\nNebeneink\u00fcnfte bzw. Eink\u00fcnfte von mehr als 410,00\u20ac<br \/>\nEhepartner w\u00e4hlt die Lohnsteuerkombination III\/V oder Eintragung des Faktors bei Steuerklasse IV<\/p>\n<p>Die Finanzbuchhaltung bildet die Basis aller unternehmerischen Entscheidungen. Umso wichtiger ist die sorgf\u00e4ltige und korrekte Buchung Ihrer Gesch\u00e4ftsvorf\u00e4lle. Wir beraten Sie in allen Fragen des Rechnungswesens und helfen Ihnen, eine intelligent strukturierte und transparente Buchhaltung aufzubauen. Sie k\u00f6nnen Ihre Buchhaltung dabei selbst im Haus erledigen oder komplett an uns auslagern. Wir arbeiten mit modernster Software, die eine effiziente und sichere Abwicklung garantiert \u2013 selbstverst\u00e4ndlich nach den Grunds\u00e4tzen zum Datenzugriff und zur Pr\u00fcfbarkeit digitaler Unterlagen.<\/p>\n<p>Monatliche betriebswirtschaftliche Auswertungen und Gesch\u00e4ftsanalysen bieten Ihnen dar\u00fcber hinaus ein wertvolles Informations- und Steuerungsinstrument, mit dem Abweichungen rechtzeitig erkannt werden k\u00f6nnen, so dass Sie fr\u00fchzeitig gegensteuern k\u00f6nnen.<\/p>\n<p><b>Unsere Leistungen im Bereich Finanzbuchhaltung:<\/b><\/p>\n<ul>\n<li>Einrichtung und F\u00fchrung der Finanzbuchhaltung inklusive Anlagenbuchhaltung<\/li>\n<li>Spezialbuchf\u00fchrungen f\u00fcr Autoh\u00e4user, Handwerker und Heilberufe<\/li>\n<li>Erstellung und fristgerechte Abgabe der Umsatzsteuervoranmeldungen sowie der Zusammenfassenden Meldungen<\/li>\n<li>Monatliche betriebswirtschaftliche Auswertungen und Gesch\u00e4ftsanalysen<\/li>\n<li>Kostenstellenauswertung<\/li>\n<\/ul>\n<p>Die Finanzbuchhaltung bildet die Basis aller unternehmerischen Entscheidungen. Umso wichtiger ist die sorgf\u00e4ltige und korrekte Buchung Ihrer Gesch\u00e4ftsvorf\u00e4lle. Wir beraten Sie in allen Fragen des Rechnungswesens und helfen Ihnen, eine intelligent strukturierte und transparente Buchhaltung aufzubauen. Sie k\u00f6nnen Ihre Buchhaltung dabei selbst im Haus erledigen oder komplett an uns auslagern. Wir arbeiten mit modernster Software, die eine effiziente und sichere Abwicklung garantiert \u2013 selbstverst\u00e4ndlich nach den Grunds\u00e4tzen zum Datenzugriff und zur Pr\u00fcfbarkeit digitaler Unterlagen.<\/p>\n<p>Monatliche betriebswirtschaftliche Auswertungen und Gesch\u00e4ftsanalysen bieten Ihnen dar\u00fcber hinaus ein wertvolles Informations- und Steuerungsinstrument, mit dem Abweichungen rechtzeitig erkannt werden k\u00f6nnen, so dass Sie fr\u00fchzeitig gegensteuern k\u00f6nnen.<\/p>\n<p><b>Unsere Leistungen im Bereich Finanzbuchhaltung:<\/b><\/p>\n<ul>\n<li>Einrichtung und F\u00fchrung der Finanzbuchhaltung inklusive Anlagenbuchhaltung<\/li>\n<li>Spezialbuchf\u00fchrungen f\u00fcr Autoh\u00e4user, Handwerker und Heilberufe<\/li>\n<li>Erstellung und fristgerechte Abgabe der Umsatzsteuervoranmeldungen sowie der Zusammenfassenden Meldungen<\/li>\n<li>Monatliche betriebswirtschaftliche Auswertungen und Gesch\u00e4ftsanalysen<\/li>\n<li>Kostenstellenauswertung<\/li>\n<\/ul>\n","protected":false},"excerpt":{"rendered":"<p>Steuerberatung in Gelsenkirchen, Duisburg, Bochum, Dortmund und Unna Die Steuerberatung ist unsere Kernkompetenz. Jedoch gehen unsere Leistungen weit \u00fcber den klassischen Bereich eines Steuerberaters hinaus. Wir beraten kleine und mittlere Unternehmen, Freiberufler und Selbstst\u00e4ndige jeglicher Branche aus dem gesamtem Ruhrgebiet und in allen Unternehmensphasen: von der Gr\u00fcndung \u00fcber die Expansion bis zur Nachfolgeregelung. Wir erstellen [&hellip;]<\/p>\n","protected":false},"author":1,"featured_media":0,"parent":0,"menu_order":0,"comment_status":"closed","ping_status":"closed","template":"elementor_header_footer","meta":{"footnotes":""},"class_list":["post-2872","page","type-page","status-publish","hentry"],"aioseo_notices":[],"_links":{"self":[{"href":"https:\/\/steuerweg.com\/en\/wp-json\/wp\/v2\/pages\/2872","targetHints":{"allow":["GET"]}}],"collection":[{"href":"https:\/\/steuerweg.com\/en\/wp-json\/wp\/v2\/pages"}],"about":[{"href":"https:\/\/steuerweg.com\/en\/wp-json\/wp\/v2\/types\/page"}],"author":[{"embeddable":true,"href":"https:\/\/steuerweg.com\/en\/wp-json\/wp\/v2\/users\/1"}],"replies":[{"embeddable":true,"href":"https:\/\/steuerweg.com\/en\/wp-json\/wp\/v2\/comments?post=2872"}],"version-history":[{"count":0,"href":"https:\/\/steuerweg.com\/en\/wp-json\/wp\/v2\/pages\/2872\/revisions"}],"wp:attachment":[{"href":"https:\/\/steuerweg.com\/en\/wp-json\/wp\/v2\/media?parent=2872"}],"curies":[{"name":"wp","href":"https:\/\/api.w.org\/{rel}","templated":true}]}}